{"id":338,"date":"2019-03-20T15:54:57","date_gmt":"2019-03-20T15:54:57","guid":{"rendered":"https:\/\/loendersloot.webtima.nl\/home\/"},"modified":"2022-07-12T12:04:19","modified_gmt":"2022-07-12T12:04:19","slug":"home","status":"publish","type":"page","link":"https:\/\/www.loenderslootgroep.nl\/de\/","title":{"rendered":"HOME"},"content":{"rendered":"<div id='av_section_1' class='avia-section main_color avia-section-default avia-no-border-styling avia-full-stretch avia-bg-style-scroll  avia-builder-el-0  el_before_av_one_half  avia-builder-el-first    av-minimum-height av-minimum-height-50 container_wrap fullsize' style='background-repeat: no-repeat; background-image: url(https:\/\/www.loenderslootgroep.nl\/wp-content\/uploads\/2022\/01\/Loenderslootgroep-image-home-1030x579.jpg);background-attachment: scroll; background-position: center center;  '  data-section-bg-repeat='stretch'><div class='container' ><main  role=\"main\" itemprop=\"mainContentOfPage\"  class='template-page content  av-content-full alpha units'><div class='post-entry post-entry-type-page post-entry-338'><div class='entry-content-wrapper clearfix'><\/div><\/div><\/main><!-- close content main element --><\/div><\/div><div id='after_section_1' class='main_color av_default_container_wrap container_wrap fullsize' style=' '  ><div class='container' ><div class='template-page content  av-content-full alpha units'><div class='post-entry post-entry-type-page post-entry-338'><div class='entry-content-wrapper clearfix'>\n<div class=\"flex_column av_one_half  flex_column_div av-zero-column-padding avia-link-column av-column-link first  avia-builder-el-1  el_after_av_section  el_before_av_one_half  avia-builder-el-first   \" style='border-radius:0px; ' data-link-column-url=\"https:\/\/www.studioverbinding.nl\/\" ><a class=\"av-screen-reader-only\" href=https:\/\/www.studioverbinding.nl\/ >Folgen Sie einem manuell hinzugef\u00fcgten Link<\/a><p><section class=\"av_textblock_section \"  itemscope=\"itemscope\" itemtype=\"https:\/\/schema.org\/CreativeWork\" ><div class='avia_textblock  '   itemprop=\"text\" ><p><a href=\"https:\/\/www.studioverbinding.nl\/\"><img loading=\"lazy\" decoding=\"async\" class=\"alignnone size-large wp-image-7919\" src=\"https:\/\/www.loenderslootgroep.nl\/wp-content\/uploads\/2022\/07\/LoenderslootGroep-andertIhrenNamenin-StudioVerbinding-1030x470.jpg\" alt=\"\" width=\"1030\" height=\"470\" srcset=\"https:\/\/www.loenderslootgroep.nl\/wp-content\/uploads\/2022\/07\/LoenderslootGroep-andertIhrenNamenin-StudioVerbinding-1030x470.jpg 1030w, https:\/\/www.loenderslootgroep.nl\/wp-content\/uploads\/2022\/07\/LoenderslootGroep-andertIhrenNamenin-StudioVerbinding-300x137.jpg 300w, https:\/\/www.loenderslootgroep.nl\/wp-content\/uploads\/2022\/07\/LoenderslootGroep-andertIhrenNamenin-StudioVerbinding-768x350.jpg 768w, https:\/\/www.loenderslootgroep.nl\/wp-content\/uploads\/2022\/07\/LoenderslootGroep-andertIhrenNamenin-StudioVerbinding-705x321.jpg 705w, https:\/\/www.loenderslootgroep.nl\/wp-content\/uploads\/2022\/07\/LoenderslootGroep-andertIhrenNamenin-StudioVerbinding-450x205.jpg 450w, https:\/\/www.loenderslootgroep.nl\/wp-content\/uploads\/2022\/07\/LoenderslootGroep-andertIhrenNamenin-StudioVerbinding.jpg 1406w\" sizes=\"auto, (max-width: 1030px) 100vw, 1030px\" \/><\/a><\/p>\n<\/div><\/section><br \/>\n<section class=\"av_textblock_section \"  itemscope=\"itemscope\" itemtype=\"https:\/\/schema.org\/CreativeWork\" ><div class='avia_textblock  '   itemprop=\"text\" ><p style=\"text-align: center;\">Studio Verbinding steht f\u00fcr die Herstellung einer Verbindung. Wir tun dies als multidisziplin\u00e4res Team, indem wir gemeinsam an Projekten arbeiten. Das Studio bezieht sich auf einen physischen Ort, an dem mit Kreativit\u00e4t angemessene Mobilit\u00e4tsberatung im \u00f6ffentlichen Raum geschaffen wird.<\/p>\n<p style=\"text-align: center;\">Verbindung ist eine Art der Fortbewegung, und Mobilit\u00e4t selbst stellt die Verbindung zwischen verschiedenen Aspekten des \u00f6ffentlichen Raums her; man denke an r\u00e4umliche Entwicklungen, Stadtplanung und Landschaft. Verbindung bedeutet auch, eine Verbindung innerhalb des Verkehrs und der Mobilit\u00e4t herzustellen. Dies spiegelt sich in der Vielfalt der von uns durchgef\u00fchrten Projekte wider, bei denen wir unser Know-how im Au\u00dfenbereich einbringen k\u00f6nnen.<\/p>\n<\/div><\/section><\/p><\/div>\n<div class=\"flex_column av_one_half  flex_column_div av-zero-column-padding avia-link-column av-column-link   avia-builder-el-4  el_after_av_one_half  avia-builder-el-last   \" style='border-radius:0px; ' data-link-column-url=\"https:\/\/loenderslootinternational.com\/de\/\" ><a class=\"av-screen-reader-only\" href=https:\/\/loenderslootinternational.com\/de\/ >Folgen Sie einem manuell hinzugef\u00fcgten Link<\/a><p><section class=\"av_textblock_section \"  itemscope=\"itemscope\" itemtype=\"https:\/\/schema.org\/CreativeWork\" ><div class='avia_textblock  '   itemprop=\"text\" ><p><a href=\"https:\/\/loenderslootinternational.com\/de\/\"><img loading=\"lazy\" decoding=\"async\" class=\"alignnone size-large wp-image-7906\" src=\"https:\/\/www.loenderslootgroep.nl\/wp-content\/uploads\/2022\/07\/LoenderslootInternational-logo-coverwebsite-1030x466.jpg\" alt=\"\" width=\"1030\" height=\"466\" srcset=\"https:\/\/www.loenderslootgroep.nl\/wp-content\/uploads\/2022\/07\/LoenderslootInternational-logo-coverwebsite-1030x466.jpg 1030w, https:\/\/www.loenderslootgroep.nl\/wp-content\/uploads\/2022\/07\/LoenderslootInternational-logo-coverwebsite-300x136.jpg 300w, https:\/\/www.loenderslootgroep.nl\/wp-content\/uploads\/2022\/07\/LoenderslootInternational-logo-coverwebsite-768x348.jpg 768w, https:\/\/www.loenderslootgroep.nl\/wp-content\/uploads\/2022\/07\/LoenderslootInternational-logo-coverwebsite-705x319.jpg 705w, https:\/\/www.loenderslootgroep.nl\/wp-content\/uploads\/2022\/07\/LoenderslootInternational-logo-coverwebsite-450x204.jpg 450w, https:\/\/www.loenderslootgroep.nl\/wp-content\/uploads\/2022\/07\/LoenderslootInternational-logo-coverwebsite.jpg 1405w\" sizes=\"auto, (max-width: 1030px) 100vw, 1030px\" \/><\/a><\/p>\n<\/div><\/section><br \/>\n<section class=\"av_textblock_section \"  itemscope=\"itemscope\" itemtype=\"https:\/\/schema.org\/CreativeWork\" ><div class='avia_textblock  '   itemprop=\"text\" ><p style=\"text-align: center;\">Loendersloot International ist seit 2022 das neue Unternehmen von Ruben Loendersloot. Ruben bietet Beratung und Projektmanagement im Bereich (grenz\u00fcberschreitender) Verkehr und Mobilit\u00e4t.<\/p>\n<p style=\"text-align: center;\">Ein flexibler und informeller Ansatz stellt sicher, dass Ruben Kunden optimal entlastet.<\/p>\n<\/div><\/section><\/p><\/div>\n","protected":false},"excerpt":{"rendered":"","protected":false},"author":1,"featured_media":0,"parent":0,"menu_order":10,"comment_status":"closed","ping_status":"closed","template":"","meta":{"_acf_changed":false,"_monsterinsights_skip_tracking":false,"_monsterinsights_sitenote_active":false,"_monsterinsights_sitenote_note":"","_monsterinsights_sitenote_category":0,"footnotes":""},"yst_prominent_words":[445,361,355,360,797,358,354,370,362,356,353,363,357,49,369,368,447,359,492,364],"class_list":["post-338","page","type-page","status-publish","hentry"],"acf":[],"_links":{"self":[{"href":"https:\/\/www.loenderslootgroep.nl\/de\/wp-json\/wp\/v2\/pages\/338","targetHints":{"allow":["GET"]}}],"collection":[{"href":"https:\/\/www.loenderslootgroep.nl\/de\/wp-json\/wp\/v2\/pages"}],"about":[{"href":"https:\/\/www.loenderslootgroep.nl\/de\/wp-json\/wp\/v2\/types\/page"}],"author":[{"embeddable":true,"href":"https:\/\/www.loenderslootgroep.nl\/de\/wp-json\/wp\/v2\/users\/1"}],"replies":[{"embeddable":true,"href":"https:\/\/www.loenderslootgroep.nl\/de\/wp-json\/wp\/v2\/comments?post=338"}],"version-history":[{"count":66,"href":"https:\/\/www.loenderslootgroep.nl\/de\/wp-json\/wp\/v2\/pages\/338\/revisions"}],"predecessor-version":[{"id":7917,"href":"https:\/\/www.loenderslootgroep.nl\/de\/wp-json\/wp\/v2\/pages\/338\/revisions\/7917"}],"wp:attachment":[{"href":"https:\/\/www.loenderslootgroep.nl\/de\/wp-json\/wp\/v2\/media?parent=338"}],"wp:term":[{"taxonomy":"yst_prominent_words","embeddable":true,"href":"https:\/\/www.loenderslootgroep.nl\/de\/wp-json\/wp\/v2\/yst_prominent_words?post=338"}],"curies":[{"name":"wp","href":"https:\/\/api.w.org\/{rel}","templated":true}]}}